{"id":1341,"date":"2024-04-19T09:31:05","date_gmt":"2024-04-19T09:31:05","guid":{"rendered":"https:\/\/federatiemaasdorpen.nl\/wpdev\/?page_id=1341"},"modified":"2024-04-19T09:41:50","modified_gmt":"2024-04-19T09:41:50","slug":"h-lambertus-swolgen-kerkenvisie-bijeenkomst-3-april","status":"publish","type":"page","link":"https:\/\/federatiemaasdorpen.nl\/wpdev\/h-lambertus-swolgen-kerkenvisie-bijeenkomst-3-april\/","title":{"rendered":"H. Lambertus Swolgen Kerkenvisie bijeenkomst 3 april"},"content":{"rendered":"<p>Op 3 april j.l. hebben de parochievrijwilligers \/ contactgroep van Swolgen een bijeenkomst georganiseerd om idee\u00ebn te horen hoe de parochianen de toekomst van de kerk zien.<\/p>\n<p>Er wordt duidelijk aangegeven dat men het historische, monumentale, gebouw het liefste als kerk wil behouden.<br \/>\nEen aantal aanpassingen zijn\u00a0 dan wenselijk, onder andere:<\/p>\n<ul>\n<li>Vieringen in een eigentijdser jasje steken<\/li>\n<li>Toegankelijk (invaliden)toilet achterin<\/li>\n<li>De kerk mag overdag open zijn<\/li>\n<\/ul>\n<p>Verder kan nagedacht worden over de exploitatie van Pasto\u00ebrsweike, waarmee inkomsten gegenereerd kunnen worden om de kerk financieel te ondersteunen.<\/p>\n<p>Tevens geeft men aan dat de mogelijkheid onderzocht mag worden om een mortuarium\/afscheidsruimte in de kerk te realiseren, nu Pasto\u00ebrsweike daarvoor niet meer beschikbaar is. Ook zouden d\u00e1\u00e1r dan ook niet-kerkelijke afscheidsdiensten gehouden kunnen worden.<\/p>\n<p>Een uitgebreidere samenvatting\u00a0 vind u via de link hieronder.<\/p>\n<p><a href=\"https:\/\/federatiemaasdorpen.nl\/wpdev\/wp-content\/uploads\/2024\/04\/Resultaat-3-april-Toekomst-Kerk-Swolgen.pdf\" target=\"_blank\" rel=\"noopener\">Resultaat 3 april Toekomst Kerk Swolgen<\/a><\/p>\n","protected":false},"excerpt":{"rendered":"<p>Op 3 april j.l. hebben de parochievrijwilligers \/ contactgroep van Swolgen een bijeenkomst georganiseerd om idee\u00ebn te horen hoe de [&hellip;]<\/p>\n","protected":false},"author":5,"featured_media":0,"parent":0,"menu_order":0,"comment_status":"closed","ping_status":"closed","template":"","meta":{"footnotes":""},"class_list":["post-1341","page","type-page","status-publish","hentry"],"yoast_head":"<!-- This site is optimized with the Yoast SEO plugin v17.5 - https:\/\/yoast.com\/wordpress\/plugins\/seo\/ -->\n<meta name=\"robots\" content=\"index, follow, max-snippet:-1, max-image-preview:large, max-video-preview:-1\" \/>\n<link rel=\"canonical\" href=\"https:\/\/federatiemaasdorpen.nl\/wpdev\/h-lambertus-swolgen-kerkenvisie-bijeenkomst-3-april\/\" \/>\n<meta property=\"og:locale\" content=\"nl_NL\" \/>\n<meta property=\"og:type\" content=\"article\" \/>\n<meta property=\"og:title\" content=\"H. Lambertus Swolgen Kerkenvisie bijeenkomst 3 april - Federatie Maasdorpen\" \/>\n<meta property=\"og:description\" content=\"Op 3 april j.l. hebben de parochievrijwilligers \/ contactgroep van Swolgen een bijeenkomst georganiseerd om idee\u00ebn te horen hoe de [&hellip;]\" \/>\n<meta property=\"og:url\" content=\"https:\/\/federatiemaasdorpen.nl\/wpdev\/h-lambertus-swolgen-kerkenvisie-bijeenkomst-3-april\/\" \/>\n<meta property=\"og:site_name\" content=\"Federatie Maasdorpen\" \/>\n<meta property=\"article:modified_time\" content=\"2024-04-19T09:41:50+00:00\" \/>\n<meta name=\"twitter:card\" content=\"summary_large_image\" \/>\n<meta name=\"twitter:label1\" content=\"Geschatte leestijd\" \/>\n\t<meta name=\"twitter:data1\" content=\"1 minuut\" \/>\n<script type=\"application\/ld+json\" class=\"yoast-schema-graph\">{\"@context\":\"https:\/\/schema.org\",\"@graph\":[{\"@type\":\"WebSite\",\"@id\":\"https:\/\/federatiemaasdorpen.nl\/wpdev\/#website\",\"url\":\"https:\/\/federatiemaasdorpen.nl\/wpdev\/\",\"name\":\"Federatie Maasdorpen\",\"description\":\"\",\"potentialAction\":[{\"@type\":\"SearchAction\",\"target\":{\"@type\":\"EntryPoint\",\"urlTemplate\":\"https:\/\/federatiemaasdorpen.nl\/wpdev\/?s={search_term_string}\"},\"query-input\":\"required name=search_term_string\"}],\"inLanguage\":\"nl-NL\"},{\"@type\":\"WebPage\",\"@id\":\"https:\/\/federatiemaasdorpen.nl\/wpdev\/h-lambertus-swolgen-kerkenvisie-bijeenkomst-3-april\/#webpage\",\"url\":\"https:\/\/federatiemaasdorpen.nl\/wpdev\/h-lambertus-swolgen-kerkenvisie-bijeenkomst-3-april\/\",\"name\":\"H. Lambertus Swolgen Kerkenvisie bijeenkomst 3 april - Federatie Maasdorpen\",\"isPartOf\":{\"@id\":\"https:\/\/federatiemaasdorpen.nl\/wpdev\/#website\"},\"datePublished\":\"2024-04-19T09:31:05+00:00\",\"dateModified\":\"2024-04-19T09:41:50+00:00\",\"breadcrumb\":{\"@id\":\"https:\/\/federatiemaasdorpen.nl\/wpdev\/h-lambertus-swolgen-kerkenvisie-bijeenkomst-3-april\/#breadcrumb\"},\"inLanguage\":\"nl-NL\",\"potentialAction\":[{\"@type\":\"ReadAction\",\"target\":[\"https:\/\/federatiemaasdorpen.nl\/wpdev\/h-lambertus-swolgen-kerkenvisie-bijeenkomst-3-april\/\"]}]},{\"@type\":\"BreadcrumbList\",\"@id\":\"https:\/\/federatiemaasdorpen.nl\/wpdev\/h-lambertus-swolgen-kerkenvisie-bijeenkomst-3-april\/#breadcrumb\",\"itemListElement\":[{\"@type\":\"ListItem\",\"position\":1,\"name\":\"Home\",\"item\":\"https:\/\/federatiemaasdorpen.nl\/wpdev\/\"},{\"@type\":\"ListItem\",\"position\":2,\"name\":\"H. Lambertus Swolgen Kerkenvisie bijeenkomst 3 april\"}]}]}<\/script>\n<!-- \/ Yoast SEO plugin. -->","yoast_head_json":{"robots":{"index":"index","follow":"follow","max-snippet":"max-snippet:-1","max-image-preview":"max-image-preview:large","max-video-preview":"max-video-preview:-1"},"canonical":"https:\/\/federatiemaasdorpen.nl\/wpdev\/h-lambertus-swolgen-kerkenvisie-bijeenkomst-3-april\/","og_locale":"nl_NL","og_type":"article","og_title":"H. Lambertus Swolgen Kerkenvisie bijeenkomst 3 april - Federatie Maasdorpen","og_description":"Op 3 april j.l. hebben de parochievrijwilligers \/ contactgroep van Swolgen een bijeenkomst georganiseerd om idee\u00ebn te horen hoe de [&hellip;]","og_url":"https:\/\/federatiemaasdorpen.nl\/wpdev\/h-lambertus-swolgen-kerkenvisie-bijeenkomst-3-april\/","og_site_name":"Federatie Maasdorpen","article_modified_time":"2024-04-19T09:41:50+00:00","twitter_card":"summary_large_image","twitter_misc":{"Geschatte leestijd":"1 minuut"},"schema":{"@context":"https:\/\/schema.org","@graph":[{"@type":"WebSite","@id":"https:\/\/federatiemaasdorpen.nl\/wpdev\/#website","url":"https:\/\/federatiemaasdorpen.nl\/wpdev\/","name":"Federatie Maasdorpen","description":"","potentialAction":[{"@type":"SearchAction","target":{"@type":"EntryPoint","urlTemplate":"https:\/\/federatiemaasdorpen.nl\/wpdev\/?s={search_term_string}"},"query-input":"required name=search_term_string"}],"inLanguage":"nl-NL"},{"@type":"WebPage","@id":"https:\/\/federatiemaasdorpen.nl\/wpdev\/h-lambertus-swolgen-kerkenvisie-bijeenkomst-3-april\/#webpage","url":"https:\/\/federatiemaasdorpen.nl\/wpdev\/h-lambertus-swolgen-kerkenvisie-bijeenkomst-3-april\/","name":"H. Lambertus Swolgen Kerkenvisie bijeenkomst 3 april - Federatie Maasdorpen","isPartOf":{"@id":"https:\/\/federatiemaasdorpen.nl\/wpdev\/#website"},"datePublished":"2024-04-19T09:31:05+00:00","dateModified":"2024-04-19T09:41:50+00:00","breadcrumb":{"@id":"https:\/\/federatiemaasdorpen.nl\/wpdev\/h-lambertus-swolgen-kerkenvisie-bijeenkomst-3-april\/#breadcrumb"},"inLanguage":"nl-NL","potentialAction":[{"@type":"ReadAction","target":["https:\/\/federatiemaasdorpen.nl\/wpdev\/h-lambertus-swolgen-kerkenvisie-bijeenkomst-3-april\/"]}]},{"@type":"BreadcrumbList","@id":"https:\/\/federatiemaasdorpen.nl\/wpdev\/h-lambertus-swolgen-kerkenvisie-bijeenkomst-3-april\/#breadcrumb","itemListElement":[{"@type":"ListItem","position":1,"name":"Home","item":"https:\/\/federatiemaasdorpen.nl\/wpdev\/"},{"@type":"ListItem","position":2,"name":"H. Lambertus Swolgen Kerkenvisie bijeenkomst 3 april"}]}]}},"_links":{"self":[{"href":"https:\/\/federatiemaasdorpen.nl\/wpdev\/wp-json\/wp\/v2\/pages\/1341","targetHints":{"allow":["GET"]}}],"collection":[{"href":"https:\/\/federatiemaasdorpen.nl\/wpdev\/wp-json\/wp\/v2\/pages"}],"about":[{"href":"https:\/\/federatiemaasdorpen.nl\/wpdev\/wp-json\/wp\/v2\/types\/page"}],"author":[{"embeddable":true,"href":"https:\/\/federatiemaasdorpen.nl\/wpdev\/wp-json\/wp\/v2\/users\/5"}],"replies":[{"embeddable":true,"href":"https:\/\/federatiemaasdorpen.nl\/wpdev\/wp-json\/wp\/v2\/comments?post=1341"}],"version-history":[{"count":3,"href":"https:\/\/federatiemaasdorpen.nl\/wpdev\/wp-json\/wp\/v2\/pages\/1341\/revisions"}],"predecessor-version":[{"id":1344,"href":"https:\/\/federatiemaasdorpen.nl\/wpdev\/wp-json\/wp\/v2\/pages\/1341\/revisions\/1344"}],"wp:attachment":[{"href":"https:\/\/federatiemaasdorpen.nl\/wpdev\/wp-json\/wp\/v2\/media?parent=1341"}],"curies":[{"name":"wp","href":"https:\/\/api.w.org\/{rel}","templated":true}]}}